{"id":120,"date":"2020-06-26T10:57:20","date_gmt":"2020-06-26T08:57:20","guid":{"rendered":"http:\/\/imkerguru.de\/?page_id=120"},"modified":"2024-01-03T16:05:02","modified_gmt":"2024-01-03T15:05:02","slug":"bienen-patenschaft","status":"publish","type":"page","link":"https:\/\/imkerguru.de\/?page_id=120","title":{"rendered":"Nachhaltig mit einer Bienen Patenschaft"},"content":{"rendered":"\n<p class=\"has-medium-font-size\"><strong>Starten Sie Ihr CSR-Projekt, jetzt!<\/strong><\/p>\n\n\n\n<p>Seit 2017 schreibt die Europ\u00e4ische Union Unternehmen vor, ihre Aktivit\u00e4ten im CSR (Corporate Social Responsibility) &#8222;Nachhaltigkeit&#8220; nachzuweisen und dokumentieren.<\/p>\n\n\n\n<p>Mit unserem Nachhaltigkeitsprojekt unterst\u00fctzen wir Sie hierbei. Es lassen sich solche Aktivit\u00e4ten auch optimal \u00f6ffentlich darstellen und sorgen nebenbei f\u00fcr ein umweltbewusstes Image.<\/p>\n\n\n\n<p>Durch die Miete eines oder mehrerer Bienenv\u00f6lker unterst\u00fctzen Sie aktiv Ihre unmittelbare Umwelt, \u00d6kosystem und tragen au\u00dferdem zur Best\u00e4ubungsleistung bei.<\/p>\n\n\n\n<p>Nutzen Sie dieses \u201eBienen-Marketing\u201c mit bis zu ca. 50.000 flei\u00dfigen Angestellten pro Bienenvolk f\u00fcr Ihr eigenes Unternehmen und dokumentieren Sie Ihr Engagement f\u00fcr alle sichtbar und \u00fcberreichen sie z.B. das fl\u00fcssige Gold Ihren besonderen Kunden zu Weihnachten.<\/p>\n\n\n\n<p><strong>Kontaktieren Sie uns und wir sprechen direkt \u00fcber alle Ihre Fragen. 08704 9288576<\/strong><\/p>\n\n\n\n<p class=\"has-medium-font-size\"><strong>Unsere Leistungen:<\/strong><\/p>\n\n\n\n<p>Ab 149\u20ac netto monatlich k\u00f6nnen Sie auf ihrem Privatgrundst\u00fcck oder Betriebsgel\u00e4nde mindestens ein gesundes und wertvolles Bienenvolk durch uns (nat\u00fcrlich unter Vorbehalt der Pr\u00fcfung des Standortes, denn nicht jeder Standort ist f\u00fcr Bienen geeignet! ) aufstellen lassen. Die Laufzeit f\u00fcr die Miete betr\u00e4gt in der Regel 36 Monate und endet danach automatisch. Eine Verl\u00e4ngerung ist nat\u00fcrlich jederzeit m\u00f6glich. Sie erhalten den kompletten Honig aus Ihrem Bienenvolk, abgef\u00fcllt in Gl\u00e4sern zu je 250 oder 500 Gramm. Anmerkung: Es sollten immer mindestens zwei Bienenv\u00f6lker an einem Standort aufgestellt werden.<\/p>\n\n\n\n<p><strong>Wir \u00fcbernehmen alle T\u00e4tigkeiten zum Wohle der Bienen.<\/strong><\/p>\n\n\n\n<div class=\"wp-block-group\"><div class=\"wp-block-group__inner-container is-layout-constrained wp-block-group-is-layout-constrained\">\n<p>Bei einem vor Ort Termin besichtigen und beurteilen wir mit Ihnen gemeinsam den geplanten Standort der Bienenv\u00f6lker und stimmen eine weitere Vorgehensweise ab.               ( Landkreis Landshut, andere Orte nach Absprache )<\/p>\n\n\n\n<p>Sollte Ihr Standort ungeeignet sein oder bzgl. der regelm\u00e4\u00dfigen Besuche zu weit entfernt, k\u00f6nnen diese nat\u00fcrlich auch bei uns aufgestellt werden. Wir haben noch weitere geeignete Fl\u00e4chen im Landkreis Landshut zur Verf\u00fcgung.<\/p>\n\n\n\n<p>Anmeldung der Bienenv\u00f6lker bei zust\u00e4ndigen \u00c4mtern und Beh\u00f6rden.<\/p>\n\n\n\n<p>Aufstellung der Bienenv\u00f6lker in unserer Beute &#8222;Bienenbehausung&#8220;<\/p>\n\n\n\n<p>Regelm\u00e4\u00dfige Sichtung, Kontrollen und besonders Futterkontrollen.<\/p>\n\n\n\n<p>Im Fr\u00fchjahr wird \u00fcberpr\u00fcft, ob die Bienenv\u00f6lker den Winter gut \u00fcberstanden haben.<\/p>\n\n\n\n<p>Untersuchung der Bienengesundheit und Behandlung mit organischen S\u00e4uren.<\/p>\n\n\n\n<p>April bis Juli werden die Bienen ca. einmal w\u00f6chentlich auf Vitalit\u00e4t und Schwarmtrieb kontrolliert.<\/p>\n\n\n\n<p>Beachtung von Sperrgebieten z.B. AFB<\/p>\n\n\n\n<p>Beratung zu Insektenfreundlichen Pflanzen und Bl\u00fchwiesen<\/p>\n\n\n\n<p>Der Fr\u00fchtracht-Honig wird Anfang Juni und der Sommertracht-Honig wird Mitte Juli entnommen. Hierbei werden die Honigwaben sorgf\u00e4ltig entnommen, bearbeitet und der Honig schonend und ohne Hitzezufuhr gewonnen.<\/p>\n\n\n\n<p>Nach der Honigernte werden die Bienenv\u00f6lker aufgef\u00fcttert und witterungsbedingt an verschiedenen Terminen weitere Vorbereitungen f\u00fcr die Gesunderhaltung Ihrer Bienen getroffen.<\/p>\n\n\n\n<p>Den Honig bekommen Sie abgef\u00fcllt in neutralen runden Twist-Off Gl\u00e4sern zu je 250 oder 500 Gramm.<\/p>\n\n\n\n<p>Der Honig aus der Fr\u00fchtracht wird feincremig ger\u00fchrt abgef\u00fcllt.<\/p>\n\n\n\n<p>Der Honig aus der Sommertracht wird feincremig oder fl\u00fcssig abgef\u00fcllt, je nach Tracht.<\/p>\n\n\n\n<p>Sie k\u00f6nnen die Gl\u00e4ser mit unseren Etiketten erhalten oder eigene Etiketten verwenden. Bei der Etikettierung sind gesetzliche Bestimmungen zu beachten, hierbei unterst\u00fctzen wir Sie gerne.<\/p>\n\n\n\n<p>Der abgef\u00fcllte Honig wird im Gro\u00dfraum Landshut pers\u00f6nlich geliefert.<\/p>\n\n\n\n<p>Die Bienenbeute kann mit Ihrem Logo oder Firmennamen gekennzeichnet werden. Hierf\u00fcr steht an jeder Beute eine Fl\u00e4che von ca. 40cm Breite und 20 cm H\u00f6he zur Verf\u00fcgung.<\/p>\n\n\n\n<p>Gerne sichern wir Ihnen unsere Mitwirkung bei Presseterminen zu.<\/p>\n\n\n\n<p>In Absprache k\u00f6nnen interessierte Personen zuschauen, Fragen stellen und auch Fotos machen.<\/p>\n\n\n\n<p>Ihr Honig, ein besonderes und gesundes sehr schmackhaftes Geschenk f\u00fcr Freunde, Kollegen, Partner, Lieferanten, Kunden, \u2026<\/p>\n\n\n\n<p>Abholung der Bienen nach Beendigung der Mietdauer.<\/p>\n<\/div><\/div>\n\n\n\n<p><strong>Rufen Sie uns an: 08704 9288576<\/strong><\/p>\n","protected":false},"excerpt":{"rendered":"<p>Starten Sie Ihr CSR-Projekt, jetzt! Seit 2017 schreibt die Europ\u00e4ische Union Unternehmen vor, ihre Aktivit\u00e4ten im CSR (Corporate Social Responsibility) &#8222;Nachhaltigkeit&#8220; nachzuweisen und dokumentieren. Mit unserem Nachhaltigkeitsprojekt unterst\u00fctzen wir Sie hierbei. Es lassen sich solche Aktivit\u00e4ten auch optimal \u00f6ffentlich darstellen und sorgen nebenbei f\u00fcr ein umweltbewusstes Image. Durch die Miete eines oder mehrerer Bienenv\u00f6lker unterst\u00fctzen &hellip; <\/p>\n<p class=\"link-more\"><a href=\"https:\/\/imkerguru.de\/?page_id=120\" class=\"more-link\"><span class=\"screen-reader-text\">\u201eNachhaltig mit einer Bienen Patenschaft\u201c <\/span>weiterlesen<\/a><\/p>\n","protected":false},"author":1,"featured_media":0,"parent":0,"menu_order":0,"comment_status":"closed","ping_status":"closed","template":"","meta":{"om_disable_all_campaigns":false,"_monsterinsights_skip_tracking":false,"_monsterinsights_sitenote_active":false,"_monsterinsights_sitenote_note":"","_monsterinsights_sitenote_category":0,"_uf_show_specific_survey":0,"_uf_disable_surveys":false,"footnotes":""},"class_list":["post-120","page","type-page","status-publish","hentry"],"aioseo_notices":[],"jetpack_sharing_enabled":true,"_links":{"self":[{"href":"https:\/\/imkerguru.de\/index.php?rest_route=\/wp\/v2\/pages\/120","targetHints":{"allow":["GET"]}}],"collection":[{"href":"https:\/\/imkerguru.de\/index.php?rest_route=\/wp\/v2\/pages"}],"about":[{"href":"https:\/\/imkerguru.de\/index.php?rest_route=\/wp\/v2\/types\/page"}],"author":[{"embeddable":true,"href":"https:\/\/imkerguru.de\/index.php?rest_route=\/wp\/v2\/users\/1"}],"replies":[{"embeddable":true,"href":"https:\/\/imkerguru.de\/index.php?rest_route=%2Fwp%2Fv2%2Fcomments&post=120"}],"version-history":[{"count":10,"href":"https:\/\/imkerguru.de\/index.php?rest_route=\/wp\/v2\/pages\/120\/revisions"}],"predecessor-version":[{"id":805,"href":"https:\/\/imkerguru.de\/index.php?rest_route=\/wp\/v2\/pages\/120\/revisions\/805"}],"wp:attachment":[{"href":"https:\/\/imkerguru.de\/index.php?rest_route=%2Fwp%2Fv2%2Fmedia&parent=120"}],"curies":[{"name":"wp","href":"https:\/\/api.w.org\/{rel}","templated":true}]}}