{"id":651,"date":"2021-01-08T19:40:40","date_gmt":"2021-01-08T18:40:40","guid":{"rendered":"http:\/\/imkerguru.de\/?post_type=product&#038;p=651"},"modified":"2023-07-05T18:18:59","modified_gmt":"2023-07-05T16:18:59","slug":"bienenwachs","status":"publish","type":"product","link":"http:\/\/imkerguru.de\/?product=bienenwachs","title":{"rendered":"Bienenwachs"},"content":{"rendered":"<h2 class=\"a-size-mini a-spacing-none a-color-base s-line-clamp-4\"><span class=\"a-size-base-plus a-color-base a-text-normal\" dir=\"auto\">Reines Bienenwachs Herzchen und Barren &#8211; 500 Gramm<\/span><\/h2>\n<ul>\n<li>\u00a0100% reines Bienenwachs<\/li>\n<li>\u00a0Ohne Zus\u00e4tze<\/li>\n<li>\u00a0Angenehmer kr\u00e4ftiger Geruch<\/li>\n<\/ul>\n<p>Bienenwachs ist das Dr\u00fcsensekret der Bienen und wird zum Bau ihrer Waben verwendet.<br \/>\nUnser goldgelbes Bienenwachs ist aus eigener Imkerei, 100% rein und ohne Zus\u00e4tze.<br \/>\nEs perfekt geeignet f\u00fcr die Herstellung von z.B. Kerzen, Natur Kosmetik und Salben, da es gleichm\u00e4\u00dfig schmilzt und somit schnell und einfach zu verarbeiten ist.<\/p>\n","protected":false},"excerpt":{"rendered":"<p>Reines Bienenwachs Herzchen und Barren &#8211; 500 Gramm \u00a0100% reines Bienenwachs \u00a0Ohne Zus\u00e4tze \u00a0Angenehmer kr\u00e4ftiger Geruch Bienenwachs ist das Dr\u00fcsensekret der Bienen und wird zum Bau ihrer Waben verwendet. Unser goldgelbes Bienenwachs ist aus eigener Imkerei, 100% rein und ohne Zus\u00e4tze. Es perfekt geeignet f\u00fcr die Herstellung von z.B. Kerzen, Natur Kosmetik und Salben, da &hellip; <\/p>\n<p class=\"link-more\"><a href=\"http:\/\/imkerguru.de\/?product=bienenwachs\" class=\"more-link\"><span class=\"screen-reader-text\">\u201eBienenwachs\u201c <\/span>weiterlesen<\/a><\/p>\n","protected":false},"featured_media":645,"comment_status":"closed","ping_status":"closed","template":"","meta":{"om_disable_all_campaigns":false,"_monsterinsights_skip_tracking":false,"_monsterinsights_sitenote_active":false,"_monsterinsights_sitenote_note":"","_monsterinsights_sitenote_category":0,"_uf_show_specific_survey":0,"_uf_disable_surveys":false,"jetpack_post_was_ever_published":false},"product_brand":[],"product_cat":[117],"product_tag":[73,80,83,74,96,82,72,79,97,81],"class_list":{"0":"post-651","1":"product","2":"type-product","3":"status-publish","4":"has-post-thumbnail","6":"product_cat-bienenwachs","7":"product_tag-bienen","8":"product_tag-bienenwachs","9":"product_tag-gesundheit","10":"product_tag-imker","11":"product_tag-kerzen","12":"product_tag-kosmetik","13":"product_tag-natur","14":"product_tag-rein","15":"product_tag-waben","16":"product_tag-wachs","18":"first","19":"instock","20":"shipping-taxable","21":"purchasable","22":"product-type-simple"},"aioseo_notices":[],"jetpack_sharing_enabled":true,"_links":{"self":[{"href":"http:\/\/imkerguru.de\/index.php?rest_route=\/wp\/v2\/product\/651","targetHints":{"allow":["GET"]}}],"collection":[{"href":"http:\/\/imkerguru.de\/index.php?rest_route=\/wp\/v2\/product"}],"about":[{"href":"http:\/\/imkerguru.de\/index.php?rest_route=\/wp\/v2\/types\/product"}],"replies":[{"embeddable":true,"href":"http:\/\/imkerguru.de\/index.php?rest_route=%2Fwp%2Fv2%2Fcomments&post=651"}],"wp:featuredmedia":[{"embeddable":true,"href":"http:\/\/imkerguru.de\/index.php?rest_route=\/wp\/v2\/media\/645"}],"wp:attachment":[{"href":"http:\/\/imkerguru.de\/index.php?rest_route=%2Fwp%2Fv2%2Fmedia&parent=651"}],"wp:term":[{"taxonomy":"product_brand","embeddable":true,"href":"http:\/\/imkerguru.de\/index.php?rest_route=%2Fwp%2Fv2%2Fproduct_brand&post=651"},{"taxonomy":"product_cat","embeddable":true,"href":"http:\/\/imkerguru.de\/index.php?rest_route=%2Fwp%2Fv2%2Fproduct_cat&post=651"},{"taxonomy":"product_tag","embeddable":true,"href":"http:\/\/imkerguru.de\/index.php?rest_route=%2Fwp%2Fv2%2Fproduct_tag&post=651"}],"curies":[{"name":"wp","href":"https:\/\/api.w.org\/{rel}","templated":true}]}}