{"id":152,"date":"2020-06-30T13:26:34","date_gmt":"2020-06-30T11:26:34","guid":{"rendered":"http:\/\/imkerguru.de\/?post_type=product&#038;p=152"},"modified":"2024-12-18T00:00:35","modified_gmt":"2024-12-17T23:00:35","slug":"6-glaeser-3-kg-honig-mix-je-2-glaeser","status":"publish","type":"product","link":"http:\/\/imkerguru.de\/?product=6-glaeser-3-kg-honig-mix-je-2-glaeser","title":{"rendered":"6 Gl\u00e4ser (3 Kg) Probier-MIX 3 Sorten, je 2 Gl\u00e4ser a 500g Honig aus Niederbayern &#8211; Edenland im Landkreis Landshut"},"content":{"rendered":"<p>Honig aus Niederbayern &#8211; Edenland im Landkreis Landshut<\/p>\n<p>Probier-mix mit 3 Sorten und je 2 Gl\u00e4sern<\/p>\n<p>2x 500g Gl\u00e4ser Sommerhonig<\/p>\n<p class=\"product_title entry-title\">2x 500g Gl\u00e4ser Bl\u00fctenhonig cremig<\/p>\n<p>2x 500g Gl\u00e4ser Waldhonig<\/p>\n<p>Der Honig ist naturbelassen, gesiebt aber nicht feingefiltert.<br \/>\nEr ist fl\u00fcssig oder kristallisiert in seiner Konsistenz.<\/p>\n<p>Er kann jederzeit durch erw\u00e4rmen bis max. 40\u00b0 im Wasserbad wieder fl\u00fcssig gemacht werden. Er schmeckt lieblich, fruchtig oder eher kr\u00e4ftig herb.<\/p>\n<p>Bei mittelfristiger oder l\u00e4ngerer Lagerung kandiert Honig je nach Sorte und Bestandteil von Traubenzucker schneller oder langsamer; Dies kann auch innerhalb weniger Wochen sein, ein nat\u00fcrlicher Prozess und Merkmal seiner Naturbelassenheit.<\/p>\n","protected":false},"excerpt":{"rendered":"<p>Honig aus Niederbayern &#8211; Edenland im Landkreis Landshut Probier-mix mit 3 Sorten und je 2 Gl\u00e4sern 2x 500g Gl\u00e4ser Sommerhonig 2x 500g Gl\u00e4ser Bl\u00fctenhonig cremig 2x 500g Gl\u00e4ser Waldhonig Der Honig ist naturbelassen, gesiebt aber nicht feingefiltert. Er ist fl\u00fcssig oder kristallisiert in seiner Konsistenz. Er kann jederzeit durch erw\u00e4rmen bis max. 40\u00b0 im Wasserbad &hellip; <\/p>\n<p class=\"link-more\"><a href=\"http:\/\/imkerguru.de\/?product=6-glaeser-3-kg-honig-mix-je-2-glaeser\" class=\"more-link\"><span class=\"screen-reader-text\">\u201e6 Gl\u00e4ser (3 Kg) Probier-MIX 3 Sorten, je 2 Gl\u00e4ser a 500g Honig aus Niederbayern &#8211; Edenland im Landkreis Landshut\u201c <\/span>weiterlesen<\/a><\/p>\n","protected":false},"featured_media":824,"comment_status":"closed","ping_status":"closed","template":"","meta":{"om_disable_all_campaigns":false,"_monsterinsights_skip_tracking":false,"_monsterinsights_sitenote_active":false,"_monsterinsights_sitenote_note":"","_monsterinsights_sitenote_category":0,"_uf_show_specific_survey":0,"_uf_disable_surveys":false,"jetpack_post_was_ever_published":false},"product_brand":[],"product_cat":[18],"product_tag":[77,73,23,24,25,74,75,72,76,20,21],"class_list":{"0":"post-152","1":"product","2":"type-product","3":"status-publish","4":"has-post-thumbnail","6":"product_cat-honig","7":"product_tag-bayern","8":"product_tag-bienen","9":"product_tag-bluetenhonig","10":"product_tag-fruehjahrshonig","11":"product_tag-honigcreme","12":"product_tag-imker","13":"product_tag-landshut","14":"product_tag-natur","15":"product_tag-niederbayern","16":"product_tag-sommerhonig","17":"product_tag-waldhonig","19":"first","20":"outofstock","21":"purchasable","22":"product-type-simple"},"aioseo_notices":[],"jetpack_sharing_enabled":true,"_links":{"self":[{"href":"http:\/\/imkerguru.de\/index.php?rest_route=\/wp\/v2\/product\/152","targetHints":{"allow":["GET"]}}],"collection":[{"href":"http:\/\/imkerguru.de\/index.php?rest_route=\/wp\/v2\/product"}],"about":[{"href":"http:\/\/imkerguru.de\/index.php?rest_route=\/wp\/v2\/types\/product"}],"replies":[{"embeddable":true,"href":"http:\/\/imkerguru.de\/index.php?rest_route=%2Fwp%2Fv2%2Fcomments&post=152"}],"wp:featuredmedia":[{"embeddable":true,"href":"http:\/\/imkerguru.de\/index.php?rest_route=\/wp\/v2\/media\/824"}],"wp:attachment":[{"href":"http:\/\/imkerguru.de\/index.php?rest_route=%2Fwp%2Fv2%2Fmedia&parent=152"}],"wp:term":[{"taxonomy":"product_brand","embeddable":true,"href":"http:\/\/imkerguru.de\/index.php?rest_route=%2Fwp%2Fv2%2Fproduct_brand&post=152"},{"taxonomy":"product_cat","embeddable":true,"href":"http:\/\/imkerguru.de\/index.php?rest_route=%2Fwp%2Fv2%2Fproduct_cat&post=152"},{"taxonomy":"product_tag","embeddable":true,"href":"http:\/\/imkerguru.de\/index.php?rest_route=%2Fwp%2Fv2%2Fproduct_tag&post=152"}],"curies":[{"name":"wp","href":"https:\/\/api.w.org\/{rel}","templated":true}]}}