{"id":148,"date":"2020-06-29T12:55:22","date_gmt":"2020-06-29T10:55:22","guid":{"rendered":"http:\/\/imkerguru.de\/?post_type=product&#038;p=148"},"modified":"2024-12-17T20:11:49","modified_gmt":"2024-12-17T19:11:49","slug":"6-glaeser-3-kg-sommerhonig-waldhonig","status":"publish","type":"product","link":"http:\/\/imkerguru.de\/?product=6-glaeser-3-kg-sommerhonig-waldhonig","title":{"rendered":"6 Gl\u00e4ser (3 Kg) Waldhonig aus Niederbayern &#8211; Edenland im Landkreis Landshut"},"content":{"rendered":"<p>&nbsp;<\/p>\n<p>Honig aus Niederbayern &#8211; Edenland im Landkreis Landshut<\/p>\n<p>6 Gl\u00e4ser a 500g Waldhonig aus Niederbayern<\/p>\n<p>Der Honig ist naturbelassen, gesiebt aber nicht feingefiltert.<br \/>\nEr ist fl\u00fcssig oder kristallisiert in seiner Konsistenz.<\/p>\n<p>Er kann jederzeit durch erw\u00e4rmen bis max. 40\u00b0 im Wasserbad wieder fl\u00fcssig gemacht werden. Dieser kr\u00e4ftige dunkle Honig zeichnet sich im Gegensatz zu den lieblichen Bl\u00fctenhonigen durch einen sehr kr\u00e4ftigen, aromatischen herb w\u00fcrzigen Geschmack aus.<\/p>\n<p>Bei mittelfristiger oder l\u00e4ngerer Lagerung kandiert Honig je nach Sorte und Bestandteil von Traubenzucker schneller oder langsamer; Dies kann auch innerhalb weniger Wochen sein, ein nat\u00fcrlicher Prozess und Merkmal seiner Naturbelassenheit.<\/p>\n","protected":false},"excerpt":{"rendered":"<p>&nbsp; Honig aus Niederbayern &#8211; Edenland im Landkreis Landshut 6 Gl\u00e4ser a 500g Waldhonig aus Niederbayern Der Honig ist naturbelassen, gesiebt aber nicht feingefiltert. Er ist fl\u00fcssig oder kristallisiert in seiner Konsistenz. Er kann jederzeit durch erw\u00e4rmen bis max. 40\u00b0 im Wasserbad wieder fl\u00fcssig gemacht werden. Dieser kr\u00e4ftige dunkle Honig zeichnet sich im Gegensatz zu &hellip; <\/p>\n<p class=\"link-more\"><a href=\"http:\/\/imkerguru.de\/?product=6-glaeser-3-kg-sommerhonig-waldhonig\" class=\"more-link\"><span class=\"screen-reader-text\">\u201e6 Gl\u00e4ser (3 Kg) Waldhonig aus Niederbayern &#8211; Edenland im Landkreis Landshut\u201c <\/span>weiterlesen<\/a><\/p>\n","protected":false},"featured_media":648,"comment_status":"open","ping_status":"closed","template":"","meta":{"om_disable_all_campaigns":false,"_monsterinsights_skip_tracking":false,"_monsterinsights_sitenote_active":false,"_monsterinsights_sitenote_note":"","_monsterinsights_sitenote_category":0,"_uf_show_specific_survey":0,"_uf_disable_surveys":false,"jetpack_post_was_ever_published":false},"product_brand":[],"product_cat":[18],"product_tag":[77,73,22,71,19,75,72,76,20,21],"class_list":{"0":"post-148","1":"product","2":"type-product","3":"status-publish","4":"has-post-thumbnail","6":"product_cat-honig","7":"product_tag-bayern","8":"product_tag-bienen","9":"product_tag-bienenhonig","10":"product_tag-fluessig","11":"product_tag-honig","12":"product_tag-landshut","13":"product_tag-natur","14":"product_tag-niederbayern","15":"product_tag-sommerhonig","16":"product_tag-waldhonig","18":"first","19":"instock","20":"shipping-taxable","21":"purchasable","22":"product-type-simple"},"aioseo_notices":[],"jetpack_sharing_enabled":true,"_links":{"self":[{"href":"http:\/\/imkerguru.de\/index.php?rest_route=\/wp\/v2\/product\/148","targetHints":{"allow":["GET"]}}],"collection":[{"href":"http:\/\/imkerguru.de\/index.php?rest_route=\/wp\/v2\/product"}],"about":[{"href":"http:\/\/imkerguru.de\/index.php?rest_route=\/wp\/v2\/types\/product"}],"replies":[{"embeddable":true,"href":"http:\/\/imkerguru.de\/index.php?rest_route=%2Fwp%2Fv2%2Fcomments&post=148"}],"wp:featuredmedia":[{"embeddable":true,"href":"http:\/\/imkerguru.de\/index.php?rest_route=\/wp\/v2\/media\/648"}],"wp:attachment":[{"href":"http:\/\/imkerguru.de\/index.php?rest_route=%2Fwp%2Fv2%2Fmedia&parent=148"}],"wp:term":[{"taxonomy":"product_brand","embeddable":true,"href":"http:\/\/imkerguru.de\/index.php?rest_route=%2Fwp%2Fv2%2Fproduct_brand&post=148"},{"taxonomy":"product_cat","embeddable":true,"href":"http:\/\/imkerguru.de\/index.php?rest_route=%2Fwp%2Fv2%2Fproduct_cat&post=148"},{"taxonomy":"product_tag","embeddable":true,"href":"http:\/\/imkerguru.de\/index.php?rest_route=%2Fwp%2Fv2%2Fproduct_tag&post=148"}],"curies":[{"name":"wp","href":"https:\/\/api.w.org\/{rel}","templated":true}]}}